{"id":3818,"date":"2025-12-08T13:51:43","date_gmt":"2025-12-08T12:51:43","guid":{"rendered":"https:\/\/monarvus.com\/?post_type=product&#038;p=3818"},"modified":"2026-02-04T09:59:12","modified_gmt":"2026-02-04T08:59:12","slug":"kabat-kozzusinovy-farbena-100-ovcia-kozusina","status":"publish","type":"product","link":"https:\/\/monarvus.com\/en\/produkt\/kabat-kozzusinovy-farbena-100-ovcia-kozusina\/","title":{"rendered":"Ko\u017eu\u0161inov\u00fd kab\u00e1t MOSAIC"},"content":{"rendered":"<h4><strong>Popis charakteristiky ov\u010dej ko\u017eu\u0161iny <\/strong><\/h4>\n<p><span style=\"font-weight: 400;\">Ov\u010dia ko\u017eu\u0161ina je jeden z najstar\u0161\u00edch a najspo\u013eahlivej\u0161\u00edch pr\u00edrodn\u00fdch materi\u00e1lov na ochranu pred zimou &#8211; oproti syntetick\u00fdm alternat\u00edvam m\u00e1 nieko\u013eko v\u00fdnimo\u010dn\u00fdch vlastnost\u00ed :<\/span><\/p>\n<ul>\n<li style=\"font-weight: 400;\" aria-level=\"1\"><b>Termoregula\u010dn\u00e9 schopnosti<\/b><span style=\"font-weight: 400;\"> Udr\u017eiava stabiln\u00fa telesn\u00fa teplotu \u2014 v zime v\u00fdborne hreje, v prechodnom obdob\u00ed neprehrieva. V\u010faka prirodzenej \u0161trukt\u00fare vl\u00e1kien d\u00fdcha a prisp\u00f4sobuje sa podmienkam.<\/span><\/li>\n<li style=\"font-weight: 400;\" aria-level=\"1\"><b>Odolnos\u0165 vo\u010di vetru<\/b><span style=\"font-weight: 400;\"> Hust\u00e9 r\u00fano a ko\u017ea tvoria prirodzen\u00fa bari\u00e9ru proti vetru, \u010do ocen\u00edte najm\u00e4 v horskom alebo mestskom prostred\u00ed.<\/span><\/li>\n<li style=\"font-weight: 400;\" aria-level=\"1\"><b>Antibakteri\u00e1lne vlastnosti<\/b><span style=\"font-weight: 400;\"> Obsah lanol\u00ednu (pr\u00edrodn\u00fd vosk v ov\u010dej vlne) p\u00f4sob\u00ed antibakteri\u00e1lne a odpudzuje pachy.<\/span><\/li>\n<li style=\"font-weight: 400;\" aria-level=\"1\"><b>Hypoalerg\u00e9nna a \u0161etrn\u00e1 k poko\u017eke<\/b><span style=\"font-weight: 400;\"> Vhodn\u00e1 aj pre citliv\u00fa poko\u017eku, deti \u010di alergikov \u2014 nevyvol\u00e1va podr\u00e1\u017edenie.<\/span><\/li>\n<li style=\"font-weight: 400;\" aria-level=\"1\"><b>Dlh\u00e1 \u017eivotnos\u0165 a odolnos\u0165<\/b><span style=\"font-weight: 400;\"> Pri spr\u00e1vnej starostlivosti vydr\u017e\u00ed roky bez straty kvality. Ko\u017eu\u0161ina sa neopotrebov\u00e1va tak r\u00fdchlo ako syntetika.<\/span><\/li>\n<li style=\"font-weight: 400;\" aria-level=\"1\"><b>Luxusn\u00fd vzh\u013ead a prirodzen\u00fd lesk<\/b><span style=\"font-weight: 400;\"> P\u00f4sob\u00ed elegantne, nad\u010dasovo a dod\u00e1va produktu hodnotu \u2014 ide\u00e1lne pre pr\u00e9miov\u00e9 kolekcie.<\/span><\/li>\n<\/ul>\n","protected":false},"excerpt":{"rendered":"<h5><span style=\"font-weight: 400;\">Luxusn\u00fd ko\u017euch MOSAIC z pr\u00edrodnej farbenej ov\u010dej ko\u017ee, spracovan\u00fd technikou ru\u010dne skladanej mozaiky z r\u00f4znych \u0161trukt\u00far a odtie\u0148ov. Bez pod\u0161\u00edvky &#8211; s autentick\u00fdm vn\u00fatrom z ov\u010dej ko\u017ee, ktor\u00e9 zv\u00fdraz\u0148uje prirodzen\u00fd charakter materi\u00e1lu. Ka\u017ed\u00fd kus je origin\u00e1l, \u0161it\u00fd na mieru pod\u013ea va\u0161ich rozmerov, s d\u00f4razom na remeseln\u00fa prec\u00edznos\u0165 a jedine\u010dn\u00fd dizajn. Produkt je navrhnut\u00fd ako unisex \u2013 vhodn\u00fd pre \u017eeny aj mu\u017eov.<\/span><\/h5>\n<p><span style=\"font-weight: 400;\">Ka\u017ed\u00fd model je \u0161it\u00fd na mieru z individu\u00e1lne vybranej ko\u017eu\u0161iny, v\u010faka \u010domu je ka\u017ed\u00fd kus origin\u00e1l<\/span><span style=\"font-weight: 400;\">.<\/span><\/p>\n<ul>\n<li style=\"font-weight: 400;\" aria-level=\"1\"><span style=\"font-weight: 400;\">Vonkaj\u0161\u00ed materi\u00e1l: farben\u00e1 ov\u010dia ko\u017eu\u0161ina (Natural Mosaic)<\/span><\/li>\n<li style=\"font-weight: 400;\" aria-level=\"1\"><span style=\"font-weight: 400;\">Vn\u00fatorn\u00fd materi\u00e1l: farben\u00e1 ov\u010dia ko\u017ea &#8211; neoddelite\u013en\u00e1 s\u00fa\u010das\u0165 ko\u017eu\u0161iny (Natural Mosaic)<\/span><\/li>\n<li style=\"font-weight: 400;\" aria-level=\"1\"><span style=\"font-weight: 400;\">Golier: klasick\u00fd kab\u00e1tov\u00fd golier\u00a0<\/span><\/li>\n<li style=\"font-weight: 400;\" aria-level=\"1\"><span style=\"font-weight: 400;\">Zap\u00ednanie: dvojradov\u00e9 zap\u00ednanie na gomb\u00edky\u00a0<\/span><\/li>\n<li style=\"font-weight: 400;\" aria-level=\"1\"><span style=\"font-weight: 400;\">Strih: dlh\u00fd, rovn\u00fd<\/span><\/li>\n<li style=\"font-weight: 400;\" aria-level=\"1\"><span style=\"font-weight: 400;\">Starostlivos\u0165: profesion\u00e1lne \u010distenie<\/span><\/li>\n<li style=\"font-weight: 400;\" aria-level=\"1\"><span style=\"font-weight: 400;\">Farba: Natural Mosaic<\/span><\/li>\n<li style=\"font-weight: 400;\" aria-level=\"1\"><b>Doba dodania:<\/b><span style=\"font-weight: 400;\"> do 2 \u2013 3 mesiacov v z\u00e1vislosti od typu objednan\u00e9ho produktu a dostupnosti materi\u00e1lu<\/span><\/li>\n<\/ul>\n<p><b>Upozornenie:<\/b><span style=\"font-weight: 400;\"> Tento produkt sa nevyr\u00e1ba v \u0161tandardizovan\u00fdch konfek\u010dn\u00fdch ve\u013ekostiach. Pred objedn\u00e1vkou je potrebn\u00e9 presn\u00e9 zmeranie postavy, ke\u010f\u017ee ide o individu\u00e1lne \u0161it\u00fd v\u00fdrobok.<\/span><\/p>\n","protected":false},"featured_media":3918,"template":"","meta":{"_gspb_post_css":""},"product_brand":[],"product_cat":[81,85],"product_tag":[],"class_list":{"0":"post-3818","1":"product","2":"type-product","3":"status-publish","4":"has-post-thumbnail","6":"product_cat-monarvus-exclusive","7":"product_cat-kabaty-exclusive","8":"pa_farba-natural-mosaic","10":"first","11":"instock","12":"taxable","13":"shipping-taxable","14":"purchasable","15":"product-type-simple"},"ct_brands":[],"yoast_head":"<!-- This site is optimized with the Yoast SEO plugin v26.4 - https:\/\/yoast.com\/wordpress\/plugins\/seo\/ -->\n<title>Ko\u017eu\u0161inov\u00fd kab\u00e1t MOSAIC - Monarvus<\/title>\n<meta name=\"description\" content=\"Luxusn\u00fd ko\u017eu\u0161inov\u00fd kab\u00e1t MOSAIC zo 100% farbenej ov\u010dej ko\u017ee. Ru\u010dn\u00e1 pr\u00e1ca, origin\u00e1lna mozaikov\u00e1 kompoz\u00edcia a klasick\u00e9 dvojradov\u00e9 gomb\u00edkov\u00e9 zap\u00ednanie.\" \/>\n<meta name=\"robots\" content=\"index, follow, max-snippet:-1, max-image-preview:large, max-video-preview:-1\" \/>\n<link rel=\"canonical\" href=\"https:\/\/monarvus.com\/produkt\/kabat-kozzusinovy-farbena-100-ovcia-kozusina\/\" \/>\n<meta property=\"og:locale\" content=\"en_US\" \/>\n<meta property=\"og:type\" content=\"article\" \/>\n<meta property=\"og:title\" content=\"Ko\u017eu\u0161inov\u00fd kab\u00e1t MOSAIC - Monarvus\" \/>\n<meta property=\"og:description\" content=\"Luxusn\u00fd ko\u017eu\u0161inov\u00fd kab\u00e1t MOSAIC zo 100% farbenej ov\u010dej ko\u017ee. Ru\u010dn\u00e1 pr\u00e1ca, origin\u00e1lna mozaikov\u00e1 kompoz\u00edcia a klasick\u00e9 dvojradov\u00e9 gomb\u00edkov\u00e9 zap\u00ednanie.\" \/>\n<meta property=\"og:url\" content=\"https:\/\/monarvus.com\/produkt\/kabat-kozzusinovy-farbena-100-ovcia-kozusina\/\" \/>\n<meta property=\"og:site_name\" content=\"Monarvus\" \/>\n<meta property=\"article:publisher\" content=\"https:\/\/www.facebook.com\/people\/Monarvus\/61581373246960\/\" \/>\n<meta property=\"article:modified_time\" content=\"2026-02-04T08:59:12+00:00\" \/>\n<meta property=\"og:image\" content=\"https:\/\/monarvus.com\/wp-content\/uploads\/2025\/12\/IMG_2270.jpg\" \/>\n\t<meta property=\"og:image:width\" content=\"800\" \/>\n\t<meta property=\"og:image:height\" content=\"1200\" \/>\n\t<meta property=\"og:image:type\" content=\"image\/jpeg\" \/>\n<meta name=\"twitter:card\" content=\"summary_large_image\" \/>\n<meta name=\"twitter:label1\" content=\"Est. reading time\" \/>\n\t<meta name=\"twitter:data1\" content=\"1 minute\" \/>\n<script type=\"application\/ld+json\" class=\"yoast-schema-graph\">{\"@context\":\"https:\/\/schema.org\",\"@graph\":[{\"@type\":\"WebPage\",\"@id\":\"https:\/\/monarvus.com\/produkt\/kabat-kozzusinovy-farbena-100-ovcia-kozusina\/\",\"url\":\"https:\/\/monarvus.com\/produkt\/kabat-kozzusinovy-farbena-100-ovcia-kozusina\/\",\"name\":\"Ko\u017eu\u0161inov\u00fd kab\u00e1t MOSAIC - Monarvus\",\"isPartOf\":{\"@id\":\"https:\/\/monarvus.com\/#website\"},\"primaryImageOfPage\":{\"@id\":\"https:\/\/monarvus.com\/produkt\/kabat-kozzusinovy-farbena-100-ovcia-kozusina\/#primaryimage\"},\"image\":{\"@id\":\"https:\/\/monarvus.com\/produkt\/kabat-kozzusinovy-farbena-100-ovcia-kozusina\/#primaryimage\"},\"thumbnailUrl\":\"https:\/\/monarvus.com\/wp-content\/uploads\/2025\/12\/IMG_2270.jpg\",\"datePublished\":\"2025-12-08T12:51:43+00:00\",\"dateModified\":\"2026-02-04T08:59:12+00:00\",\"description\":\"Luxusn\u00fd ko\u017eu\u0161inov\u00fd kab\u00e1t MOSAIC zo 100% farbenej ov\u010dej ko\u017ee. Ru\u010dn\u00e1 pr\u00e1ca, origin\u00e1lna mozaikov\u00e1 kompoz\u00edcia a klasick\u00e9 dvojradov\u00e9 gomb\u00edkov\u00e9 zap\u00ednanie.\",\"breadcrumb\":{\"@id\":\"https:\/\/monarvus.com\/produkt\/kabat-kozzusinovy-farbena-100-ovcia-kozusina\/#breadcrumb\"},\"inLanguage\":\"en-US\",\"potentialAction\":[{\"@type\":\"ReadAction\",\"target\":[\"https:\/\/monarvus.com\/produkt\/kabat-kozzusinovy-farbena-100-ovcia-kozusina\/\"]}]},{\"@type\":\"ImageObject\",\"inLanguage\":\"en-US\",\"@id\":\"https:\/\/monarvus.com\/produkt\/kabat-kozzusinovy-farbena-100-ovcia-kozusina\/#primaryimage\",\"url\":\"https:\/\/monarvus.com\/wp-content\/uploads\/2025\/12\/IMG_2270.jpg\",\"contentUrl\":\"https:\/\/monarvus.com\/wp-content\/uploads\/2025\/12\/IMG_2270.jpg\",\"width\":800,\"height\":1200},{\"@type\":\"BreadcrumbList\",\"@id\":\"https:\/\/monarvus.com\/produkt\/kabat-kozzusinovy-farbena-100-ovcia-kozusina\/#breadcrumb\",\"itemListElement\":[{\"@type\":\"ListItem\",\"position\":1,\"name\":\"Domovsk\u00e1 str\u00e1nka\",\"item\":\"https:\/\/monarvus.com\/\"},{\"@type\":\"ListItem\",\"position\":2,\"name\":\"Shop\",\"item\":\"https:\/\/monarvus.com\/shop\/\"},{\"@type\":\"ListItem\",\"position\":3,\"name\":\"Ko\u017eu\u0161inov\u00fd kab\u00e1t MOSAIC\"}]},{\"@type\":\"WebSite\",\"@id\":\"https:\/\/monarvus.com\/#website\",\"url\":\"https:\/\/monarvus.com\/\",\"name\":\"Monarvus\",\"description\":\"\",\"publisher\":{\"@id\":\"https:\/\/monarvus.com\/#organization\"},\"potentialAction\":[{\"@type\":\"SearchAction\",\"target\":{\"@type\":\"EntryPoint\",\"urlTemplate\":\"https:\/\/monarvus.com\/?s={search_term_string}\"},\"query-input\":{\"@type\":\"PropertyValueSpecification\",\"valueRequired\":true,\"valueName\":\"search_term_string\"}}],\"inLanguage\":\"en-US\"},{\"@type\":\"Organization\",\"@id\":\"https:\/\/monarvus.com\/#organization\",\"name\":\"MONARVUS Design Co. s.r.o.\",\"url\":\"https:\/\/monarvus.com\/\",\"logo\":{\"@type\":\"ImageObject\",\"inLanguage\":\"en-US\",\"@id\":\"https:\/\/monarvus.com\/#\/schema\/logo\/image\/\",\"url\":\"https:\/\/monarvus.com\/wp-content\/uploads\/2025\/09\/logo_black.svg\",\"contentUrl\":\"https:\/\/monarvus.com\/wp-content\/uploads\/2025\/09\/logo_black.svg\",\"width\":188,\"height\":60,\"caption\":\"MONARVUS Design Co. s.r.o.\"},\"image\":{\"@id\":\"https:\/\/monarvus.com\/#\/schema\/logo\/image\/\"},\"sameAs\":[\"https:\/\/www.facebook.com\/people\/Monarvus\/61581373246960\/\"]}]}<\/script>\n<!-- \/ Yoast SEO plugin. -->","yoast_head_json":{"title":"Ko\u017eu\u0161inov\u00fd kab\u00e1t MOSAIC - Monarvus","description":"Luxusn\u00fd ko\u017eu\u0161inov\u00fd kab\u00e1t MOSAIC zo 100% farbenej ov\u010dej ko\u017ee. Ru\u010dn\u00e1 pr\u00e1ca, origin\u00e1lna mozaikov\u00e1 kompoz\u00edcia a klasick\u00e9 dvojradov\u00e9 gomb\u00edkov\u00e9 zap\u00ednanie.","robots":{"index":"index","follow":"follow","max-snippet":"max-snippet:-1","max-image-preview":"max-image-preview:large","max-video-preview":"max-video-preview:-1"},"canonical":"https:\/\/monarvus.com\/produkt\/kabat-kozzusinovy-farbena-100-ovcia-kozusina\/","og_locale":"en_US","og_type":"article","og_title":"Ko\u017eu\u0161inov\u00fd kab\u00e1t MOSAIC - Monarvus","og_description":"Luxusn\u00fd ko\u017eu\u0161inov\u00fd kab\u00e1t MOSAIC zo 100% farbenej ov\u010dej ko\u017ee. Ru\u010dn\u00e1 pr\u00e1ca, origin\u00e1lna mozaikov\u00e1 kompoz\u00edcia a klasick\u00e9 dvojradov\u00e9 gomb\u00edkov\u00e9 zap\u00ednanie.","og_url":"https:\/\/monarvus.com\/produkt\/kabat-kozzusinovy-farbena-100-ovcia-kozusina\/","og_site_name":"Monarvus","article_publisher":"https:\/\/www.facebook.com\/people\/Monarvus\/61581373246960\/","article_modified_time":"2026-02-04T08:59:12+00:00","og_image":[{"width":800,"height":1200,"url":"https:\/\/monarvus.com\/wp-content\/uploads\/2025\/12\/IMG_2270.jpg","type":"image\/jpeg"}],"twitter_card":"summary_large_image","twitter_misc":{"Est. reading time":"1 minute"},"schema":{"@context":"https:\/\/schema.org","@graph":[{"@type":"WebPage","@id":"https:\/\/monarvus.com\/produkt\/kabat-kozzusinovy-farbena-100-ovcia-kozusina\/","url":"https:\/\/monarvus.com\/produkt\/kabat-kozzusinovy-farbena-100-ovcia-kozusina\/","name":"Ko\u017eu\u0161inov\u00fd kab\u00e1t MOSAIC - Monarvus","isPartOf":{"@id":"https:\/\/monarvus.com\/#website"},"primaryImageOfPage":{"@id":"https:\/\/monarvus.com\/produkt\/kabat-kozzusinovy-farbena-100-ovcia-kozusina\/#primaryimage"},"image":{"@id":"https:\/\/monarvus.com\/produkt\/kabat-kozzusinovy-farbena-100-ovcia-kozusina\/#primaryimage"},"thumbnailUrl":"https:\/\/monarvus.com\/wp-content\/uploads\/2025\/12\/IMG_2270.jpg","datePublished":"2025-12-08T12:51:43+00:00","dateModified":"2026-02-04T08:59:12+00:00","description":"Luxusn\u00fd ko\u017eu\u0161inov\u00fd kab\u00e1t MOSAIC zo 100% farbenej ov\u010dej ko\u017ee. Ru\u010dn\u00e1 pr\u00e1ca, origin\u00e1lna mozaikov\u00e1 kompoz\u00edcia a klasick\u00e9 dvojradov\u00e9 gomb\u00edkov\u00e9 zap\u00ednanie.","breadcrumb":{"@id":"https:\/\/monarvus.com\/produkt\/kabat-kozzusinovy-farbena-100-ovcia-kozusina\/#breadcrumb"},"inLanguage":"en-US","potentialAction":[{"@type":"ReadAction","target":["https:\/\/monarvus.com\/produkt\/kabat-kozzusinovy-farbena-100-ovcia-kozusina\/"]}]},{"@type":"ImageObject","inLanguage":"en-US","@id":"https:\/\/monarvus.com\/produkt\/kabat-kozzusinovy-farbena-100-ovcia-kozusina\/#primaryimage","url":"https:\/\/monarvus.com\/wp-content\/uploads\/2025\/12\/IMG_2270.jpg","contentUrl":"https:\/\/monarvus.com\/wp-content\/uploads\/2025\/12\/IMG_2270.jpg","width":800,"height":1200},{"@type":"BreadcrumbList","@id":"https:\/\/monarvus.com\/produkt\/kabat-kozzusinovy-farbena-100-ovcia-kozusina\/#breadcrumb","itemListElement":[{"@type":"ListItem","position":1,"name":"Domovsk\u00e1 str\u00e1nka","item":"https:\/\/monarvus.com\/"},{"@type":"ListItem","position":2,"name":"Shop","item":"https:\/\/monarvus.com\/shop\/"},{"@type":"ListItem","position":3,"name":"Ko\u017eu\u0161inov\u00fd kab\u00e1t MOSAIC"}]},{"@type":"WebSite","@id":"https:\/\/monarvus.com\/#website","url":"https:\/\/monarvus.com\/","name":"Monarvus","description":"","publisher":{"@id":"https:\/\/monarvus.com\/#organization"},"potentialAction":[{"@type":"SearchAction","target":{"@type":"EntryPoint","urlTemplate":"https:\/\/monarvus.com\/?s={search_term_string}"},"query-input":{"@type":"PropertyValueSpecification","valueRequired":true,"valueName":"search_term_string"}}],"inLanguage":"en-US"},{"@type":"Organization","@id":"https:\/\/monarvus.com\/#organization","name":"MONARVUS Design Co. s.r.o.","url":"https:\/\/monarvus.com\/","logo":{"@type":"ImageObject","inLanguage":"en-US","@id":"https:\/\/monarvus.com\/#\/schema\/logo\/image\/","url":"https:\/\/monarvus.com\/wp-content\/uploads\/2025\/09\/logo_black.svg","contentUrl":"https:\/\/monarvus.com\/wp-content\/uploads\/2025\/09\/logo_black.svg","width":188,"height":60,"caption":"MONARVUS Design Co. s.r.o."},"image":{"@id":"https:\/\/monarvus.com\/#\/schema\/logo\/image\/"},"sameAs":["https:\/\/www.facebook.com\/people\/Monarvus\/61581373246960\/"]}]}},"_links":{"self":[{"href":"https:\/\/monarvus.com\/en\/wp-json\/wp\/v2\/product\/3818","targetHints":{"allow":["GET"]}}],"collection":[{"href":"https:\/\/monarvus.com\/en\/wp-json\/wp\/v2\/product"}],"about":[{"href":"https:\/\/monarvus.com\/en\/wp-json\/wp\/v2\/types\/product"}],"wp:featuredmedia":[{"embeddable":true,"href":"https:\/\/monarvus.com\/en\/wp-json\/wp\/v2\/media\/3918"}],"wp:attachment":[{"href":"https:\/\/monarvus.com\/en\/wp-json\/wp\/v2\/media?parent=3818"}],"wp:term":[{"taxonomy":"product_brand","embeddable":true,"href":"https:\/\/monarvus.com\/en\/wp-json\/wp\/v2\/product_brand?post=3818"},{"taxonomy":"product_cat","embeddable":true,"href":"https:\/\/monarvus.com\/en\/wp-json\/wp\/v2\/product_cat?post=3818"},{"taxonomy":"product_tag","embeddable":true,"href":"https:\/\/monarvus.com\/en\/wp-json\/wp\/v2\/product_tag?post=3818"}],"curies":[{"name":"wp","href":"https:\/\/api.w.org\/{rel}","templated":true}]}}